{"id":230,"date":"2021-12-20T16:19:37","date_gmt":"2021-12-20T16:19:37","guid":{"rendered":"http:\/\/www.lacasainglesavilaflor.com\/?page_id=230"},"modified":"2022-01-18T21:38:47","modified_gmt":"2022-01-18T21:38:47","slug":"que-hacer","status":"publish","type":"page","link":"http:\/\/www.lacasainglesavilaflor.com\/index.php\/que-hacer\/","title":{"rendered":"Qu\u00e9 hacer"},"content":{"rendered":"\t\t<div data-elementor-type=\"wp-page\" data-elementor-id=\"230\" class=\"elementor elementor-230\" data-elementor-settings=\"[]\">\n\t\t\t\t\t\t\t<div class=\"elementor-section-wrap\">\n\t\t\t\t\t\t\t<section class=\"elementor-section elementor-top-section elementor-element elementor-element-1067f7d elementor-section-full_width elementor-section-content-middle elementor-section-height-default elementor-section-height-default\" data-id=\"1067f7d\" data-element_type=\"section\" data-settings=\"{&quot;background_background&quot;:&quot;classic&quot;}\">\n\t\t\t\t\t\t<div class=\"elementor-container elementor-column-gap-no\">\n\t\t\t\t\t<div class=\"elementor-column elementor-col-50 elementor-top-column elementor-element elementor-element-1a8321e\" data-id=\"1a8321e\" data-element_type=\"column\">\n\t\t\t<div class=\"elementor-widget-wrap elementor-element-populated\">\n\t\t\t\t\t\t\t\t<div class=\"elementor-element elementor-element-7ed2180 elementor-widget elementor-widget-heading\" data-id=\"7ed2180\" data-element_type=\"widget\" data-widget_type=\"heading.default\">\n\t\t\t\t<div class=\"elementor-widget-container\">\n\t\t\t<h1 class=\"elementor-heading-title elementor-size-xl\">El Entorno<\/h1>\t\t<\/div>\n\t\t\t\t<\/div>\n\t\t\t\t<div class=\"elementor-element elementor-element-acb1f86 elementor-widget elementor-widget-text-editor\" data-id=\"acb1f86\" data-element_type=\"widget\" data-widget_type=\"text-editor.default\">\n\t\t\t\t<div class=\"elementor-widget-container\">\n\t\t\t\t\t\t\t<p>Vilaflor. Este pueblecito posee un encanto \u00fanico, en parte por su privilegiada situaci\u00f3n, enclavado en la parte m\u00e1s alta de la Isla y rodeado de pinares, a un paso del Teide. Cuenta con 56,26 km2 de superficie a 1500 metros sobre el nivel del mar, lo que le convierte en uno de los municipios m\u00e1s altos de Espa\u00f1a.<br \/><br \/>Sus casitas y calles adoquinadas son hermosas. Siempre apetece perderse por ellas para impregnarse del ambiente sosegado y rural que transmiten.\u200b..<\/p>\t\t\t\t\t\t<\/div>\n\t\t\t\t<\/div>\n\t\t\t\t\t<\/div>\n\t\t<\/div>\n\t\t\t\t<div class=\"elementor-column elementor-col-50 elementor-top-column elementor-element elementor-element-e2ff9bd\" data-id=\"e2ff9bd\" data-element_type=\"column\">\n\t\t\t<div class=\"elementor-widget-wrap elementor-element-populated\">\n\t\t\t\t\t\t\t\t<div class=\"elementor-element elementor-element-13a9bfd elementor-widget elementor-widget-image\" data-id=\"13a9bfd\" data-element_type=\"widget\" data-widget_type=\"image.default\">\n\t\t\t\t<div class=\"elementor-widget-container\">\n\t\t\t\t\t\t\t\t\t\t\t\t\t\t\t<img decoding=\"async\" src=\"http:\/\/www.lacasainglesavilaflor.com\/wp-content\/uploads\/elementor\/thumbs\/DJI_0702-phss7fp1e58nzi4fjq601tlxelgsrhwomn62l8mjb4.jpg\" title=\"created by dji camera\" alt=\"created by dji camera\" \/>\t\t\t\t\t\t\t\t\t\t\t\t\t\t\t<\/div>\n\t\t\t\t<\/div>\n\t\t\t\t\t<\/div>\n\t\t<\/div>\n\t\t\t\t\t\t\t<\/div>\n\t\t<\/section>\n\t\t\t\t<section class=\"elementor-section elementor-top-section elementor-element elementor-element-7737bdb elementor-section-full_width elementor-section-content-middle elementor-reverse-mobile elementor-section-height-default elementor-section-height-default\" data-id=\"7737bdb\" data-element_type=\"section\" data-settings=\"{&quot;background_background&quot;:&quot;classic&quot;}\">\n\t\t\t\t\t\t<div class=\"elementor-container elementor-column-gap-no\">\n\t\t\t\t\t<div class=\"elementor-column elementor-col-50 elementor-top-column elementor-element elementor-element-ccd7128\" data-id=\"ccd7128\" data-element_type=\"column\">\n\t\t\t<div class=\"elementor-widget-wrap elementor-element-populated\">\n\t\t\t\t\t\t\t\t<div class=\"elementor-element elementor-element-b191d47 elementor-widget elementor-widget-image\" data-id=\"b191d47\" data-element_type=\"widget\" data-widget_type=\"image.default\">\n\t\t\t\t<div class=\"elementor-widget-container\">\n\t\t\t\t\t\t\t\t\t\t\t\t\t\t\t<img decoding=\"async\" src=\"http:\/\/www.lacasainglesavilaflor.com\/wp-content\/uploads\/elementor\/thumbs\/IMG_1564-scaled-pp44hzewvy9rsuk6gfz4qcan3fsq1lq3q0m0gpq8n4.jpg\" title=\"IMG_1564\" alt=\"IMG_1564\" \/>\t\t\t\t\t\t\t\t\t\t\t\t\t\t\t<\/div>\n\t\t\t\t<\/div>\n\t\t\t\t\t<\/div>\n\t\t<\/div>\n\t\t\t\t<div class=\"elementor-column elementor-col-50 elementor-top-column elementor-element elementor-element-37439a0\" data-id=\"37439a0\" data-element_type=\"column\">\n\t\t\t<div class=\"elementor-widget-wrap elementor-element-populated\">\n\t\t\t\t\t\t\t\t<div class=\"elementor-element elementor-element-e6c7f4b elementor-widget elementor-widget-heading\" data-id=\"e6c7f4b\" data-element_type=\"widget\" data-widget_type=\"heading.default\">\n\t\t\t\t<div class=\"elementor-widget-container\">\n\t\t\t<h2 class=\"elementor-heading-title elementor-size-xl\">Qu\u00e9 hacer<\/h2>\t\t<\/div>\n\t\t\t\t<\/div>\n\t\t\t\t<div class=\"elementor-element elementor-element-70d1f5e elementor-widget elementor-widget-text-editor\" data-id=\"70d1f5e\" data-element_type=\"widget\" data-widget_type=\"text-editor.default\">\n\t\t\t\t<div class=\"elementor-widget-container\">\n\t\t\t\t\t\t\t<p>Te esperan grandes bosques con infinitas historias en su interior adem\u00e1s de paisajes que te robar\u00e1n el aliento.<br \/>Todo esto lo podr\u00e1s sentir si te adentras en la espectacular zona de la Corona Forestal en la que est\u00e1 inmerso este municipio.<\/p>\t\t\t\t\t\t<\/div>\n\t\t\t\t<\/div>\n\t\t\t\t<div class=\"elementor-element elementor-element-bf4ae38 elementor-widget elementor-widget-text-editor\" data-id=\"bf4ae38\" data-element_type=\"widget\" data-widget_type=\"text-editor.default\">\n\t\t\t\t<div class=\"elementor-widget-container\">\n\t\t\t\t\t\t\t<p>Te proponemos una visita sobre aquellos lugares con un alto contenido hist\u00f3rico que aqu\u00ed se encuentran. En concreto la propuesta es de edificios muy pr\u00f3ximos unos de otros, con una breve rese\u00f1a hist\u00f3rica de cada uno de ellos.\u00a0<\/p>\t\t\t\t\t\t<\/div>\n\t\t\t\t<\/div>\n\t\t\t\t\t<\/div>\n\t\t<\/div>\n\t\t\t\t\t\t\t<\/div>\n\t\t<\/section>\n\t\t\t\t<section class=\"elementor-section elementor-top-section elementor-element elementor-element-124029e elementor-section-full_width elementor-section-content-middle elementor-section-height-default elementor-section-height-default\" data-id=\"124029e\" data-element_type=\"section\" data-settings=\"{&quot;background_background&quot;:&quot;classic&quot;}\">\n\t\t\t\t\t\t<div class=\"elementor-container elementor-column-gap-no\">\n\t\t\t\t\t<div class=\"elementor-column elementor-col-50 elementor-top-column elementor-element elementor-element-2a0eaf3\" data-id=\"2a0eaf3\" data-element_type=\"column\">\n\t\t\t<div class=\"elementor-widget-wrap elementor-element-populated\">\n\t\t\t\t\t\t\t\t<div class=\"elementor-element elementor-element-c33fe1f elementor-widget elementor-widget-heading\" data-id=\"c33fe1f\" data-element_type=\"widget\" data-widget_type=\"heading.default\">\n\t\t\t\t<div class=\"elementor-widget-container\">\n\t\t\t<h1 class=\"elementor-heading-title elementor-size-xl\">C\u00f3mo llegar<\/h1>\t\t<\/div>\n\t\t\t\t<\/div>\n\t\t\t\t<div class=\"elementor-element elementor-element-96aff4f elementor-widget elementor-widget-text-editor\" data-id=\"96aff4f\" data-element_type=\"widget\" data-widget_type=\"text-editor.default\">\n\t\t\t\t<div class=\"elementor-widget-container\">\n\t\t\t\t\t\t\t<div class=\"hp_location_block__section_container transport_airport\"><p><span class=\"bui-title__text\">\u00a0Aeropuertos m\u00e1s cercanos<\/span><\/p><div class=\"bui-list__body\"><div class=\"bui-list__description\">Aeropuerto de Tenerife Sur 13,8 km<\/div><\/div><div class=\"bui-list__body\"><div class=\"bui-list__description\">Aeropuerto de Tenerife Norte 46,3 km<\/div><\/div><div class=\"bui-list__body\"><div class=\"bui-list__description\">Aeropuerto de La Gomera\u00a058,4 km<\/div><div>\u00a0<\/div><\/div><\/div><div class=\"hp_location_block__section_container\"><div class=\"bui-title bui-title--strong_1 bui-spacer--large\"><div class=\"bui-f-font-strong bui-spacer--medium\">C\u00f3mo llegar desde el Aeropuerto de Tf Sur en<\/div><p>\u00a0Coche. Hay parking gratuito disponible.<\/p><\/div><\/div>\t\t\t\t\t\t<\/div>\n\t\t\t\t<\/div>\n\t\t\t\t<div class=\"elementor-element elementor-element-8780e5d elementor-align-center elementor-widget elementor-widget-button\" data-id=\"8780e5d\" data-element_type=\"widget\" data-widget_type=\"button.default\">\n\t\t\t\t<div class=\"elementor-widget-container\">\n\t\t\t\t\t<div class=\"elementor-button-wrapper\">\n\t\t\t<a href=\"#\" class=\"elementor-button-link elementor-button elementor-size-sm\" role=\"button\">\n\t\t\t\t\t\t<span class=\"elementor-button-content-wrapper\">\n\t\t\t\t\t\t<span class=\"elementor-button-text\">Ver en Maps<\/span>\n\t\t<\/span>\n\t\t\t\t\t<\/a>\n\t\t<\/div>\n\t\t\t\t<\/div>\n\t\t\t\t<\/div>\n\t\t\t\t\t<\/div>\n\t\t<\/div>\n\t\t\t\t<div class=\"elementor-column elementor-col-50 elementor-top-column elementor-element elementor-element-881194d\" data-id=\"881194d\" data-element_type=\"column\">\n\t\t\t<div class=\"elementor-widget-wrap elementor-element-populated\">\n\t\t\t\t\t\t\t\t<div class=\"elementor-element elementor-element-a5b3068 elementor-widget elementor-widget-image\" data-id=\"a5b3068\" data-element_type=\"widget\" data-widget_type=\"image.default\">\n\t\t\t\t<div class=\"elementor-widget-container\">\n\t\t\t\t\t\t\t\t\t\t\t\t\t\t\t<img decoding=\"async\" src=\"http:\/\/www.lacasainglesavilaflor.com\/wp-content\/uploads\/elementor\/thumbs\/DSC09334-scaled-pp44hwlebg5wu0o9wwr90v09ba6meiewpmnk0vuf5s.jpg\" title=\"DSC09334\" alt=\"DSC09334\" \/>\t\t\t\t\t\t\t\t\t\t\t\t\t\t\t<\/div>\n\t\t\t\t<\/div>\n\t\t\t\t\t<\/div>\n\t\t<\/div>\n\t\t\t\t\t\t\t<\/div>\n\t\t<\/section>\n\t\t\t\t<section class=\"elementor-section elementor-top-section elementor-element elementor-element-d671b9f elementor-section-full_width elementor-section-content-middle elementor-reverse-mobile elementor-section-height-default elementor-section-height-default\" data-id=\"d671b9f\" data-element_type=\"section\" data-settings=\"{&quot;background_background&quot;:&quot;classic&quot;}\">\n\t\t\t\t\t\t<div class=\"elementor-container elementor-column-gap-no\">\n\t\t\t\t\t<div class=\"elementor-column elementor-col-50 elementor-top-column elementor-element elementor-element-db041b1\" data-id=\"db041b1\" data-element_type=\"column\">\n\t\t\t<div class=\"elementor-widget-wrap elementor-element-populated\">\n\t\t\t\t\t\t\t\t<div class=\"elementor-element elementor-element-23885a5 elementor-widget elementor-widget-image\" data-id=\"23885a5\" data-element_type=\"widget\" data-widget_type=\"image.default\">\n\t\t\t\t<div class=\"elementor-widget-container\">\n\t\t\t\t\t\t\t\t\t\t\t\t\t\t\t<img decoding=\"async\" src=\"http:\/\/www.lacasainglesavilaflor.com\/wp-content\/uploads\/elementor\/thumbs\/IMG_1335-scaled-pp44huppxs3c6sr07vxzvvhc4ifvz47g1dcl2bx7i8.jpg\" title=\"IMG_1335\" alt=\"IMG_1335\" \/>\t\t\t\t\t\t\t\t\t\t\t\t\t\t\t<\/div>\n\t\t\t\t<\/div>\n\t\t\t\t\t<\/div>\n\t\t<\/div>\n\t\t\t\t<div class=\"elementor-column elementor-col-50 elementor-top-column elementor-element elementor-element-542ad95\" data-id=\"542ad95\" data-element_type=\"column\">\n\t\t\t<div class=\"elementor-widget-wrap elementor-element-populated\">\n\t\t\t\t\t\t\t\t<div class=\"elementor-element elementor-element-adc2c9b elementor-widget elementor-widget-heading\" data-id=\"adc2c9b\" data-element_type=\"widget\" data-widget_type=\"heading.default\">\n\t\t\t\t<div class=\"elementor-widget-container\">\n\t\t\t<h2 class=\"elementor-heading-title elementor-size-xl\">Qu\u00e9 hay cerca<\/h2>\t\t<\/div>\n\t\t\t\t<\/div>\n\t\t\t\t<div class=\"elementor-element elementor-element-b258ac9 elementor-widget elementor-widget-text-editor\" data-id=\"b258ac9\" data-element_type=\"widget\" data-widget_type=\"text-editor.default\">\n\t\t\t\t<div class=\"elementor-widget-container\">\n\t\t\t\t\t\t\t<div class=\"bui-list__body\"><div class=\"bui-list__description\">Telef\u00e9rico\u00a010,6 km<\/div><\/div><div class=\"bui-list__body\"><div class=\"bui-list__description\">Centro Comercial Gran Sur\u00a012 km<\/div><\/div><div class=\"bui-list__body\"><div class=\"bui-list__description\">Golf Costa Adeje\u00a012,2 km<\/div><\/div><div class=\"bui-list__body\"><div class=\"bui-list__description\">Centro comercial Plaza del Duque\u00a012,6 km<\/div><\/div><div class=\"bui-list__body\"><div class=\"bui-list__description\">Aqualand\u00a012,6 km<\/div><\/div><div class=\"bui-list__body\"><div class=\"bui-list__description\">El Castillo del Duque\u00a012,9 km<\/div><\/div><div class=\"bui-list__body\"><div class=\"bui-list__description\">Centro comercial San Eugenio\u00a013 km<\/div><\/div><div class=\"bui-list__body\"><div class=\"bui-list__description\">Playa de La Pinta\u00a013,1 km<\/div><\/div><div class=\"bui-list__body\"><div class=\"bui-list__description\">Parque Acu\u00e1tico Siam Park\u00a013,1 km<\/div><\/div><div class=\"bui-list__description\">Puerto Col\u00f3n\u00a013,3 km<\/div>\t\t\t\t\t\t<\/div>\n\t\t\t\t<\/div>\n\t\t\t\t<div class=\"elementor-element elementor-element-b0750d6 elementor-align-center elementor-widget elementor-widget-button\" data-id=\"b0750d6\" data-element_type=\"widget\" data-widget_type=\"button.default\">\n\t\t\t\t<div class=\"elementor-widget-container\">\n\t\t\t\t\t<div class=\"elementor-button-wrapper\">\n\t\t\t<a href=\"http:\/\/www.lacasainglesavilaflor.com\/index.php\/la-casa\/\" class=\"elementor-button-link elementor-button elementor-size-xs\" role=\"button\">\n\t\t\t\t\t\t<span class=\"elementor-button-content-wrapper\">\n\t\t\t\t\t\t<span class=\"elementor-button-text\">Ver la Casa<\/span>\n\t\t<\/span>\n\t\t\t\t\t<\/a>\n\t\t<\/div>\n\t\t\t\t<\/div>\n\t\t\t\t<\/div>\n\t\t\t\t\t<\/div>\n\t\t<\/div>\n\t\t\t\t\t\t\t<\/div>\n\t\t<\/section>\n\t\t\t\t<section class=\"elementor-section elementor-top-section elementor-element elementor-element-4944564 elementor-section-full_width elementor-section-height-default elementor-section-height-default\" data-id=\"4944564\" data-element_type=\"section\" data-settings=\"{&quot;background_background&quot;:&quot;classic&quot;}\">\n\t\t\t\t\t\t<div class=\"elementor-container elementor-column-gap-default\">\n\t\t\t\t\t<div class=\"elementor-column elementor-col-100 elementor-top-column elementor-element elementor-element-03c5a40\" data-id=\"03c5a40\" data-element_type=\"column\">\n\t\t\t<div class=\"elementor-widget-wrap elementor-element-populated\">\n\t\t\t\t\t\t\t\t<div class=\"elementor-element elementor-element-eabd314 elementor-aspect-ratio-219 elementor-widget elementor-widget-video\" data-id=\"eabd314\" data-element_type=\"widget\" data-settings=\"{&quot;youtube_url&quot;:&quot;https:\\\/\\\/youtu.be\\\/Z7R9oyOWO_w&quot;,&quot;mute&quot;:&quot;yes&quot;,&quot;loop&quot;:&quot;yes&quot;,&quot;aspect_ratio&quot;:&quot;219&quot;,&quot;video_type&quot;:&quot;youtube&quot;}\" data-widget_type=\"video.default\">\n\t\t\t\t<div class=\"elementor-widget-container\">\n\t\t\t\t\t<div class=\"elementor-wrapper elementor-fit-aspect-ratio elementor-open-inline\">\n\t\t\t<div class=\"elementor-video\"><\/div>\t\t<\/div>\n\t\t\t\t<\/div>\n\t\t\t\t<\/div>\n\t\t\t\t\t<\/div>\n\t\t<\/div>\n\t\t\t\t\t\t\t<\/div>\n\t\t<\/section>\n\t\t\t\t\t\t<\/div>\n\t\t\t\t\t<\/div>\n\t\t","protected":false},"excerpt":{"rendered":"<p>El Entorno Vilaflor. Este pueblecito posee un encanto \u00fanico, en parte por su privilegiada situaci\u00f3n, enclavado en la parte m\u00e1s alta de la Isla y rodeado de pinares, a un paso del Teide. Cuenta con 56,26 km2 de superficie a 1500 metros sobre el nivel del mar, lo que le convierte en uno de los [&hellip;]<\/p>\n","protected":false},"author":1,"featured_media":0,"parent":0,"menu_order":0,"comment_status":"closed","ping_status":"closed","template":"","meta":{"footnotes":""},"class_list":["post-230","page","type-page","status-publish","hentry","entry"],"yoast_head":"<!-- This site is optimized with the Yoast SEO plugin v18.0 - https:\/\/yoast.com\/wordpress\/plugins\/seo\/ -->\n<title>Qu\u00e9 hacer - La Casa Inglesa Vilaflor<\/title>\n<meta name=\"description\" content=\"\u00bfTe vas a alojar en La Casa Inglesa y quieres saber m\u00e1s del entorno y qu\u00e9 puedes hacer en Vilaflor? Pues aqu\u00ed te damos toda la informaci\u00f3n.\" \/>\n<meta name=\"robots\" content=\"index, follow, max-snippet:-1, max-image-preview:large, max-video-preview:-1\" \/>\n<link rel=\"canonical\" href=\"http:\/\/www.lacasainglesavilaflor.com\/index.php\/que-hacer\/\" \/>\n<meta property=\"og:locale\" content=\"es_ES\" \/>\n<meta property=\"og:type\" content=\"article\" \/>\n<meta property=\"og:title\" content=\"Qu\u00e9 hacer - La Casa Inglesa Vilaflor\" \/>\n<meta property=\"og:description\" content=\"\u00bfTe vas a alojar en La Casa Inglesa y quieres saber m\u00e1s del entorno y qu\u00e9 puedes hacer en Vilaflor? Pues aqu\u00ed te damos toda la informaci\u00f3n.\" \/>\n<meta property=\"og:url\" content=\"http:\/\/www.lacasainglesavilaflor.com\/index.php\/que-hacer\/\" \/>\n<meta property=\"og:site_name\" content=\"La Casa Inglesa Vilaflor\" \/>\n<meta property=\"article:publisher\" content=\"https:\/\/www.facebook.com\/lacasainglesavilaflor\/\" \/>\n<meta property=\"article:modified_time\" content=\"2022-01-18T21:38:47+00:00\" \/>\n<meta property=\"og:image\" content=\"http:\/\/www.lacasainglesavilaflor.com\/wp-content\/uploads\/elementor\/thumbs\/DJI_0702-phss7fp1e58nzi4fjq601tlxelgsrhwomn62l8mjb4.jpg\" \/>\n<meta name=\"twitter:card\" content=\"summary_large_image\" \/>\n<meta name=\"twitter:label1\" content=\"Tiempo de lectura\" \/>\n\t<meta name=\"twitter:data1\" content=\"2 minutos\" \/>\n<script type=\"application\/ld+json\" class=\"yoast-schema-graph\">{\"@context\":\"https:\/\/schema.org\",\"@graph\":[{\"@type\":\"Organization\",\"@id\":\"https:\/\/www.lacasainglesavilaflor.com\/#organization\",\"name\":\"La Casa Inglesa Vilaflor\",\"url\":\"https:\/\/www.lacasainglesavilaflor.com\/\",\"sameAs\":[\"https:\/\/www.facebook.com\/lacasainglesavilaflor\/\",\"https:\/\/www.instagram.com\/lacasainglesavilaflor\/\"],\"logo\":{\"@type\":\"ImageObject\",\"@id\":\"https:\/\/www.lacasainglesavilaflor.com\/#logo\",\"inLanguage\":\"es\",\"url\":\"http:\/\/www.lacasainglesavilaflor.com\/wp-content\/uploads\/2021\/12\/logo-completo-negro.png\",\"contentUrl\":\"http:\/\/www.lacasainglesavilaflor.com\/wp-content\/uploads\/2021\/12\/logo-completo-negro.png\",\"width\":1080,\"height\":1080,\"caption\":\"La Casa Inglesa Vilaflor\"},\"image\":{\"@id\":\"https:\/\/www.lacasainglesavilaflor.com\/#logo\"}},{\"@type\":\"WebSite\",\"@id\":\"https:\/\/www.lacasainglesavilaflor.com\/#website\",\"url\":\"https:\/\/www.lacasainglesavilaflor.com\/\",\"name\":\"La Casa Inglesa Vilaflor\",\"description\":\"La Casa Inglesa Vilaflor es una casa hist&oacute;rica del s. XIX que ha sido restaurada y rehabilitada como alojamiento tur&iacute;stico. Es una casa que se alquila por habitaci&oacute;n o entera para eventos. \",\"publisher\":{\"@id\":\"https:\/\/www.lacasainglesavilaflor.com\/#organization\"},\"potentialAction\":[{\"@type\":\"SearchAction\",\"target\":{\"@type\":\"EntryPoint\",\"urlTemplate\":\"https:\/\/www.lacasainglesavilaflor.com\/?s={search_term_string}\"},\"query-input\":\"required name=search_term_string\"}],\"inLanguage\":\"es\"},{\"@type\":\"ImageObject\",\"@id\":\"http:\/\/www.lacasainglesavilaflor.com\/index.php\/que-hacer\/#primaryimage\",\"inLanguage\":\"es\",\"url\":\"http:\/\/www.lacasainglesavilaflor.com\/wp-content\/uploads\/elementor\/thumbs\/DJI_0702-phss7fp1e58nzi4fjq601tlxelgsrhwomn62l8mjb4.jpg\",\"contentUrl\":\"http:\/\/www.lacasainglesavilaflor.com\/wp-content\/uploads\/elementor\/thumbs\/DJI_0702-phss7fp1e58nzi4fjq601tlxelgsrhwomn62l8mjb4.jpg\"},{\"@type\":\"WebPage\",\"@id\":\"http:\/\/www.lacasainglesavilaflor.com\/index.php\/que-hacer\/#webpage\",\"url\":\"http:\/\/www.lacasainglesavilaflor.com\/index.php\/que-hacer\/\",\"name\":\"Qu\u00e9 hacer - La Casa Inglesa Vilaflor\",\"isPartOf\":{\"@id\":\"https:\/\/www.lacasainglesavilaflor.com\/#website\"},\"primaryImageOfPage\":{\"@id\":\"http:\/\/www.lacasainglesavilaflor.com\/index.php\/que-hacer\/#primaryimage\"},\"datePublished\":\"2021-12-20T16:19:37+00:00\",\"dateModified\":\"2022-01-18T21:38:47+00:00\",\"description\":\"\u00bfTe vas a alojar en La Casa Inglesa y quieres saber m\u00e1s del entorno y qu\u00e9 puedes hacer en Vilaflor? Pues aqu\u00ed te damos toda la informaci\u00f3n.\",\"breadcrumb\":{\"@id\":\"http:\/\/www.lacasainglesavilaflor.com\/index.php\/que-hacer\/#breadcrumb\"},\"inLanguage\":\"es\",\"potentialAction\":[{\"@type\":\"ReadAction\",\"target\":[\"http:\/\/www.lacasainglesavilaflor.com\/index.php\/que-hacer\/\"]}]},{\"@type\":\"BreadcrumbList\",\"@id\":\"http:\/\/www.lacasainglesavilaflor.com\/index.php\/que-hacer\/#breadcrumb\",\"itemListElement\":[{\"@type\":\"ListItem\",\"position\":1,\"name\":\"Portada\",\"item\":\"https:\/\/www.lacasainglesavilaflor.com\/\"},{\"@type\":\"ListItem\",\"position\":2,\"name\":\"Qu\u00e9 hacer\"}]}]}<\/script>\n<!-- \/ Yoast SEO plugin. -->","yoast_head_json":{"title":"Qu\u00e9 hacer - La Casa Inglesa Vilaflor","description":"\u00bfTe vas a alojar en La Casa Inglesa y quieres saber m\u00e1s del entorno y qu\u00e9 puedes hacer en Vilaflor? Pues aqu\u00ed te damos toda la informaci\u00f3n.","robots":{"index":"index","follow":"follow","max-snippet":"max-snippet:-1","max-image-preview":"max-image-preview:large","max-video-preview":"max-video-preview:-1"},"canonical":"http:\/\/www.lacasainglesavilaflor.com\/index.php\/que-hacer\/","og_locale":"es_ES","og_type":"article","og_title":"Qu\u00e9 hacer - La Casa Inglesa Vilaflor","og_description":"\u00bfTe vas a alojar en La Casa Inglesa y quieres saber m\u00e1s del entorno y qu\u00e9 puedes hacer en Vilaflor? Pues aqu\u00ed te damos toda la informaci\u00f3n.","og_url":"http:\/\/www.lacasainglesavilaflor.com\/index.php\/que-hacer\/","og_site_name":"La Casa Inglesa Vilaflor","article_publisher":"https:\/\/www.facebook.com\/lacasainglesavilaflor\/","article_modified_time":"2022-01-18T21:38:47+00:00","og_image":[{"url":"http:\/\/www.lacasainglesavilaflor.com\/wp-content\/uploads\/elementor\/thumbs\/DJI_0702-phss7fp1e58nzi4fjq601tlxelgsrhwomn62l8mjb4.jpg"}],"twitter_card":"summary_large_image","twitter_misc":{"Tiempo de lectura":"2 minutos"},"schema":{"@context":"https:\/\/schema.org","@graph":[{"@type":"Organization","@id":"https:\/\/www.lacasainglesavilaflor.com\/#organization","name":"La Casa Inglesa Vilaflor","url":"https:\/\/www.lacasainglesavilaflor.com\/","sameAs":["https:\/\/www.facebook.com\/lacasainglesavilaflor\/","https:\/\/www.instagram.com\/lacasainglesavilaflor\/"],"logo":{"@type":"ImageObject","@id":"https:\/\/www.lacasainglesavilaflor.com\/#logo","inLanguage":"es","url":"http:\/\/www.lacasainglesavilaflor.com\/wp-content\/uploads\/2021\/12\/logo-completo-negro.png","contentUrl":"http:\/\/www.lacasainglesavilaflor.com\/wp-content\/uploads\/2021\/12\/logo-completo-negro.png","width":1080,"height":1080,"caption":"La Casa Inglesa Vilaflor"},"image":{"@id":"https:\/\/www.lacasainglesavilaflor.com\/#logo"}},{"@type":"WebSite","@id":"https:\/\/www.lacasainglesavilaflor.com\/#website","url":"https:\/\/www.lacasainglesavilaflor.com\/","name":"La Casa Inglesa Vilaflor","description":"La Casa Inglesa Vilaflor es una casa hist&oacute;rica del s. XIX que ha sido restaurada y rehabilitada como alojamiento tur&iacute;stico. Es una casa que se alquila por habitaci&oacute;n o entera para eventos. ","publisher":{"@id":"https:\/\/www.lacasainglesavilaflor.com\/#organization"},"potentialAction":[{"@type":"SearchAction","target":{"@type":"EntryPoint","urlTemplate":"https:\/\/www.lacasainglesavilaflor.com\/?s={search_term_string}"},"query-input":"required name=search_term_string"}],"inLanguage":"es"},{"@type":"ImageObject","@id":"http:\/\/www.lacasainglesavilaflor.com\/index.php\/que-hacer\/#primaryimage","inLanguage":"es","url":"http:\/\/www.lacasainglesavilaflor.com\/wp-content\/uploads\/elementor\/thumbs\/DJI_0702-phss7fp1e58nzi4fjq601tlxelgsrhwomn62l8mjb4.jpg","contentUrl":"http:\/\/www.lacasainglesavilaflor.com\/wp-content\/uploads\/elementor\/thumbs\/DJI_0702-phss7fp1e58nzi4fjq601tlxelgsrhwomn62l8mjb4.jpg"},{"@type":"WebPage","@id":"http:\/\/www.lacasainglesavilaflor.com\/index.php\/que-hacer\/#webpage","url":"http:\/\/www.lacasainglesavilaflor.com\/index.php\/que-hacer\/","name":"Qu\u00e9 hacer - La Casa Inglesa Vilaflor","isPartOf":{"@id":"https:\/\/www.lacasainglesavilaflor.com\/#website"},"primaryImageOfPage":{"@id":"http:\/\/www.lacasainglesavilaflor.com\/index.php\/que-hacer\/#primaryimage"},"datePublished":"2021-12-20T16:19:37+00:00","dateModified":"2022-01-18T21:38:47+00:00","description":"\u00bfTe vas a alojar en La Casa Inglesa y quieres saber m\u00e1s del entorno y qu\u00e9 puedes hacer en Vilaflor? Pues aqu\u00ed te damos toda la informaci\u00f3n.","breadcrumb":{"@id":"http:\/\/www.lacasainglesavilaflor.com\/index.php\/que-hacer\/#breadcrumb"},"inLanguage":"es","potentialAction":[{"@type":"ReadAction","target":["http:\/\/www.lacasainglesavilaflor.com\/index.php\/que-hacer\/"]}]},{"@type":"BreadcrumbList","@id":"http:\/\/www.lacasainglesavilaflor.com\/index.php\/que-hacer\/#breadcrumb","itemListElement":[{"@type":"ListItem","position":1,"name":"Portada","item":"https:\/\/www.lacasainglesavilaflor.com\/"},{"@type":"ListItem","position":2,"name":"Qu\u00e9 hacer"}]}]}},"_links":{"self":[{"href":"http:\/\/www.lacasainglesavilaflor.com\/index.php\/wp-json\/wp\/v2\/pages\/230","targetHints":{"allow":["GET"]}}],"collection":[{"href":"http:\/\/www.lacasainglesavilaflor.com\/index.php\/wp-json\/wp\/v2\/pages"}],"about":[{"href":"http:\/\/www.lacasainglesavilaflor.com\/index.php\/wp-json\/wp\/v2\/types\/page"}],"author":[{"embeddable":true,"href":"http:\/\/www.lacasainglesavilaflor.com\/index.php\/wp-json\/wp\/v2\/users\/1"}],"replies":[{"embeddable":true,"href":"http:\/\/www.lacasainglesavilaflor.com\/index.php\/wp-json\/wp\/v2\/comments?post=230"}],"version-history":[{"count":16,"href":"http:\/\/www.lacasainglesavilaflor.com\/index.php\/wp-json\/wp\/v2\/pages\/230\/revisions"}],"predecessor-version":[{"id":419,"href":"http:\/\/www.lacasainglesavilaflor.com\/index.php\/wp-json\/wp\/v2\/pages\/230\/revisions\/419"}],"wp:attachment":[{"href":"http:\/\/www.lacasainglesavilaflor.com\/index.php\/wp-json\/wp\/v2\/media?parent=230"}],"curies":[{"name":"wp","href":"https:\/\/api.w.org\/{rel}","templated":true}]}}